{"id":438,"date":"2024-05-06T11:58:30","date_gmt":"2024-05-06T11:58:30","guid":{"rendered":"https:\/\/euipobeachvolley.es\/?page_id=438"},"modified":"2025-05-15T07:50:17","modified_gmt":"2025-05-15T06:50:17","slug":"reglamento-2024","status":"publish","type":"page","link":"https:\/\/euipobeachvolley.es\/?page_id=438","title":{"rendered":"Reglamento 2025"},"content":{"rendered":"<section class=\"wpb-content-wrapper\"><p>[vc_row content_text_aligment=\u00bbcenter\u00bb css=\u00bb.vc_custom_1714996531489{background-image: url(https:\/\/euipobeachvolley.es\/wp-content\/uploads\/2024\/05\/Playa-San-Juan-4-scaled.jpg?id=426) !important;background-position: center !important;background-repeat: no-repeat !important;background-size: cover !important;}\u00bb][vc_column][vc_empty_space height=\u00bb60px\u00bb][vc_column_text]<\/p>\n<h2 style=\"text-align: center;\"><span style=\"color: #ffffff;\">REGLAMENTO<\/span><\/h2>\n<p>[\/vc_column_text][vc_empty_space height=\u00bb120px\u00bb][\/vc_column][\/vc_row][vc_row content_text_aligment=\u00bbcenter\u00bb css=\u00bb.vc_custom_1701072143741{margin-right: 10% !important;margin-left: 10% !important;}\u00bb][vc_column][vc_column_text]<\/p>\n<h2 style=\"text-align: left;\"><span style=\"color: #164194;\">INSCRIPCI\u00d3N<\/span><\/h2>\n<ul style=\"text-align: left;\">\n<li><strong>GRATUITA<\/strong> (INSCRIPCI\u00d3N ABIERTA HASTA EL 15\/05\/2025 A LAS 23:59H.)<\/li>\n<\/ul>\n<h2 style=\"text-align: left;\"><span style=\"color: #164194;\">QUE INCLUYE LA INSCRIPCI\u00d3N<\/span><\/h2>\n<p><img loading=\"lazy\" decoding=\"async\" class=\"alignnone wp-image-617\" src=\"https:\/\/euipobeachvolley.es\/wp-content\/uploads\/2025\/04\/Medalla-Trofeo-TOURNAMENT-VEACH-VOLLEY-2025-scaled-e1745496003842.jpg\" alt=\"\" width=\"524\" height=\"370\" srcset=\"https:\/\/euipobeachvolley.es\/wp-content\/uploads\/2025\/04\/Medalla-Trofeo-TOURNAMENT-VEACH-VOLLEY-2025-scaled-e1745496003842.jpg 2436w, https:\/\/euipobeachvolley.es\/wp-content\/uploads\/2025\/04\/Medalla-Trofeo-TOURNAMENT-VEACH-VOLLEY-2025-scaled-e1745496003842-300x212.jpg 300w, https:\/\/euipobeachvolley.es\/wp-content\/uploads\/2025\/04\/Medalla-Trofeo-TOURNAMENT-VEACH-VOLLEY-2025-scaled-e1745496003842-1024x723.jpg 1024w, https:\/\/euipobeachvolley.es\/wp-content\/uploads\/2025\/04\/Medalla-Trofeo-TOURNAMENT-VEACH-VOLLEY-2025-scaled-e1745496003842-768x542.jpg 768w, https:\/\/euipobeachvolley.es\/wp-content\/uploads\/2025\/04\/Medalla-Trofeo-TOURNAMENT-VEACH-VOLLEY-2025-scaled-e1745496003842-1536x1085.jpg 1536w\" sizes=\"auto, (max-width: 524px) 100vw, 524px\" \/><\/p>\n<ul style=\"text-align: left;\">\n<li>CAMISETA CONMEMORATIVA<\/li>\n<li>MEDALLA CONMEMORATIVA (FAMILIA &amp; INICIACI\u00d3N)<\/li>\n<li>MASAJES<\/li>\n<li>AGUA<\/li>\n<li>REFRESCO<\/li>\n<li>ISOT\u00d3NICO<\/li>\n<li>FRUTA<\/li>\n<li>ASISTENCIA SANITARIA<\/li>\n<li>SEGURO RESPONSABILIDAD CIVIL<\/li>\n<li>SEGURO ACCIDENTES<\/li>\n<\/ul>\n<h2 style=\"text-align: left;\"><span style=\"color: #164194;\">PREMIOS COMPETICI\u00d3N TOURNAMENT<\/span><\/h2>\n<ul style=\"text-align: left;\">\n<li>TROFEO LOS 3 PRIMEROS FAMILIAS<\/li>\n<li>TROFEO LOS 3 PRIMEROS TOURNAMENT<\/li>\n<\/ul>\n<h2 style=\"text-align: left;\"><span style=\"color: #164194;\">NORMATIVA<\/span><\/h2>\n<ul style=\"text-align: left;\">\n<li>Los partidos se disputar\u00e1n bajo la normativa de la Real Federaci\u00f3n Espa\u00f1ola de Voleibol, siendo aplicables sus reglamentos.<\/li>\n<li>Los partidos se disputaran a un set de 21 puntos con 2 puntos de diferencia y se cambiar\u00e1 de campo a la suma de 7 puntos.<\/li>\n<li>Cada Equipo dispone de un tiempo muerto de 30 segundos por set.<\/li>\n<\/ul>\n<h2 style=\"text-align: left;\"><span style=\"color: #164194;\">PARTICIPACI\u00d3N<\/span><\/h2>\n<ul style=\"text-align: left;\">\n<li>No hay edad m\u00ednima ni m\u00e1xima para poder participar.<\/li>\n<li>Todos los equipos jugar\u00e1n un m\u00ednimo de 2 partidos.<\/li>\n<li>200 participantes tope inscripci\u00f3n.<\/li>\n<\/ul>\n<h2 style=\"text-align: left;\"><span style=\"color: #164194;\">CLASIFICACIONES<\/span><\/h2>\n<p style=\"text-align: left;\">Para establecer la clasificaci\u00f3n del grupo se tendr\u00e1 en cuenta el n\u00famero de puntos de cada equipo(partido ganado 2 puntos, perdido 1). En caso de empate entre varios equipos la posici\u00f3n se resolver\u00e1 de la siguiente manera:<\/p>\n<ul>\n<li style=\"text-align: left;\">Coeficiente en el grupo<\/li>\n<li style=\"text-align: left;\">Resultado directo<\/li>\n<li style=\"text-align: left;\">Sorteo<\/li>\n<\/ul>\n<p>[\/vc_column_text][vc_empty_space height=\u00bb30px\u00bb][vc_column_text]<img loading=\"lazy\" decoding=\"async\" class=\"alignnone wp-image-627 aligncenter\" src=\"https:\/\/euipobeachvolley.es\/wp-content\/uploads\/2025\/05\/EUIPO_logo_in_English.svg_.png\" alt=\"\" width=\"283\" height=\"77\" srcset=\"https:\/\/euipobeachvolley.es\/wp-content\/uploads\/2025\/05\/EUIPO_logo_in_English.svg_.png 2560w, https:\/\/euipobeachvolley.es\/wp-content\/uploads\/2025\/05\/EUIPO_logo_in_English.svg_-300x82.png 300w, https:\/\/euipobeachvolley.es\/wp-content\/uploads\/2025\/05\/EUIPO_logo_in_English.svg_-1024x279.png 1024w, https:\/\/euipobeachvolley.es\/wp-content\/uploads\/2025\/05\/EUIPO_logo_in_English.svg_-768x209.png 768w, https:\/\/euipobeachvolley.es\/wp-content\/uploads\/2025\/05\/EUIPO_logo_in_English.svg_-1536x419.png 1536w\" sizes=\"auto, (max-width: 283px) 100vw, 283px\" \/>[\/vc_column_text][vc_empty_space height=\u00bb30px\u00bb][vc_column_text]<\/p>\n<p style=\"text-align: center;\"><a href=\"https:\/\/euipo.blumm.it\/uploads\/originals\/privacy\/Organisation_events_training_and_meetings_es.pdf\" target=\"_blank\" rel=\"noopener\">AVISO LEGAL &#8211; POL\u00cdTICA DE PRIVACIDAD &#8211; COOKIES<\/a><\/p>\n<p>[\/vc_column_text][vc_empty_space height=\u00bb30px\u00bb][\/vc_column][\/vc_row]<\/p>\n<\/section>","protected":false},"excerpt":{"rendered":"<p>[vc_row content_text_aligment=\u00bbcenter\u00bb css=\u00bb.vc_custom_1714996531489{background-image: url(https:\/\/euipobeachvolley.es\/wp-content\/uploads\/2024\/05\/Playa-San-Juan-4-scaled.jpg?id=426) !important;background-position: center !important;background-repeat: no-repeat !important;background-size: cover !important;}\u00bb][vc_column][vc_empty_space height=\u00bb60px\u00bb][vc_column_text] REGLAMENTO [\/vc_column_text][vc_empty_space height=\u00bb120px\u00bb][\/vc_column][\/vc_row][vc_row content_text_aligment=\u00bbcenter\u00bb css=\u00bb.vc_custom_1701072143741{margin-right: 10% !important;margin-left: 10% !important;}\u00bb][vc_column][vc_column_text] INSCRIPCI\u00d3N GRATUITA (INSCRIPCI\u00d3N ABIERTA HASTA EL 15\/05\/2025 A LAS 23:59H.) QUE INCLUYE LA INSCRIPCI\u00d3N CAMISETA CONMEMORATIVA MEDALLA CONMEMORATIVA (FAMILIA &amp; INICIACI\u00d3N) MASAJES AGUA REFRESCO [&hellip;]<\/p>\n","protected":false},"author":1,"featured_media":0,"parent":0,"menu_order":0,"comment_status":"closed","ping_status":"closed","template":"full-width.php","meta":{"footnotes":""},"class_list":["post-438","page","type-page","status-publish","hentry"],"yoast_head":"<!-- This site is optimized with the Yoast SEO plugin v27.4 - https:\/\/yoast.com\/product\/yoast-seo-wordpress\/ -->\n<title>Reglamento 2025 - EUIPO BEACH VOLLEY TOURNAMENT ALICANTE 2026<\/title>\n<meta name=\"robots\" content=\"index, follow, max-snippet:-1, max-image-preview:large, max-video-preview:-1\" \/>\n<link rel=\"canonical\" href=\"https:\/\/euipobeachvolley.es\/?page_id=438\" \/>\n<meta property=\"og:locale\" content=\"es_ES\" \/>\n<meta property=\"og:type\" content=\"article\" \/>\n<meta property=\"og:title\" content=\"Reglamento 2025 - EUIPO BEACH VOLLEY TOURNAMENT ALICANTE 2026\" \/>\n<meta property=\"og:description\" content=\"[vc_row content_text_aligment=\u00bbcenter\u00bb css=\u00bb.vc_custom_1714996531489{background-image: url(https:\/\/euipobeachvolley.es\/wp-content\/uploads\/2024\/05\/Playa-San-Juan-4-scaled.jpg?id=426) !important;background-position: center !important;background-repeat: no-repeat !important;background-size: cover !important;}\u00bb][vc_column][vc_empty_space height=\u00bb60px\u00bb][vc_column_text] REGLAMENTO [\/vc_column_text][vc_empty_space height=\u00bb120px\u00bb][\/vc_column][\/vc_row][vc_row content_text_aligment=\u00bbcenter\u00bb css=\u00bb.vc_custom_1701072143741{margin-right: 10% !important;margin-left: 10% !important;}\u00bb][vc_column][vc_column_text] INSCRIPCI\u00d3N GRATUITA (INSCRIPCI\u00d3N ABIERTA HASTA EL 15\/05\/2025 A LAS 23:59H.) QUE INCLUYE LA INSCRIPCI\u00d3N CAMISETA CONMEMORATIVA MEDALLA CONMEMORATIVA (FAMILIA &amp; INICIACI\u00d3N) MASAJES AGUA REFRESCO [&hellip;]\" \/>\n<meta property=\"og:url\" content=\"https:\/\/euipobeachvolley.es\/?page_id=438\" \/>\n<meta property=\"og:site_name\" content=\"EUIPO BEACH VOLLEY TOURNAMENT ALICANTE 2026\" \/>\n<meta property=\"article:modified_time\" content=\"2025-05-15T06:50:17+00:00\" \/>\n<meta property=\"og:image\" content=\"https:\/\/euipobeachvolley.es\/wp-content\/uploads\/2025\/04\/Medalla-Trofeo-TOURNAMENT-VEACH-VOLLEY-2025-scaled-e1745496003842.jpg\" \/>\n\t<meta property=\"og:image:width\" content=\"2436\" \/>\n\t<meta property=\"og:image:height\" content=\"1720\" \/>\n\t<meta property=\"og:image:type\" content=\"image\/jpeg\" \/>\n<meta name=\"twitter:card\" content=\"summary_large_image\" \/>\n<meta name=\"twitter:label1\" content=\"Tiempo de lectura\" \/>\n\t<meta name=\"twitter:data1\" content=\"2 minutos\" \/>\n<script type=\"application\/ld+json\" class=\"yoast-schema-graph\">{\"@context\":\"https:\\\/\\\/schema.org\",\"@graph\":[{\"@type\":\"WebPage\",\"@id\":\"https:\\\/\\\/euipobeachvolley.es\\\/?page_id=438\",\"url\":\"https:\\\/\\\/euipobeachvolley.es\\\/?page_id=438\",\"name\":\"Reglamento 2025 - EUIPO BEACH VOLLEY TOURNAMENT ALICANTE 2026\",\"isPartOf\":{\"@id\":\"https:\\\/\\\/euipobeachvolley.es\\\/#website\"},\"primaryImageOfPage\":{\"@id\":\"https:\\\/\\\/euipobeachvolley.es\\\/?page_id=438#primaryimage\"},\"image\":{\"@id\":\"https:\\\/\\\/euipobeachvolley.es\\\/?page_id=438#primaryimage\"},\"thumbnailUrl\":\"https:\\\/\\\/euipobeachvolley.es\\\/wp-content\\\/uploads\\\/2025\\\/04\\\/Medalla-Trofeo-TOURNAMENT-VEACH-VOLLEY-2025-scaled-e1745496003842.jpg\",\"datePublished\":\"2024-05-06T11:58:30+00:00\",\"dateModified\":\"2025-05-15T06:50:17+00:00\",\"breadcrumb\":{\"@id\":\"https:\\\/\\\/euipobeachvolley.es\\\/?page_id=438#breadcrumb\"},\"inLanguage\":\"es\",\"potentialAction\":[{\"@type\":\"ReadAction\",\"target\":[\"https:\\\/\\\/euipobeachvolley.es\\\/?page_id=438\"]}]},{\"@type\":\"ImageObject\",\"inLanguage\":\"es\",\"@id\":\"https:\\\/\\\/euipobeachvolley.es\\\/?page_id=438#primaryimage\",\"url\":\"https:\\\/\\\/euipobeachvolley.es\\\/wp-content\\\/uploads\\\/2025\\\/04\\\/Medalla-Trofeo-TOURNAMENT-VEACH-VOLLEY-2025-scaled-e1745496003842.jpg\",\"contentUrl\":\"https:\\\/\\\/euipobeachvolley.es\\\/wp-content\\\/uploads\\\/2025\\\/04\\\/Medalla-Trofeo-TOURNAMENT-VEACH-VOLLEY-2025-scaled-e1745496003842.jpg\",\"width\":2436,\"height\":1720},{\"@type\":\"BreadcrumbList\",\"@id\":\"https:\\\/\\\/euipobeachvolley.es\\\/?page_id=438#breadcrumb\",\"itemListElement\":[{\"@type\":\"ListItem\",\"position\":1,\"name\":\"Portada\",\"item\":\"https:\\\/\\\/euipobeachvolley.es\\\/\"},{\"@type\":\"ListItem\",\"position\":2,\"name\":\"Reglamento 2025\"}]},{\"@type\":\"WebSite\",\"@id\":\"https:\\\/\\\/euipobeachvolley.es\\\/#website\",\"url\":\"https:\\\/\\\/euipobeachvolley.es\\\/\",\"name\":\"EUIPO BEACH VOLLEY TOURNAMENT ALICANTE 2026\",\"description\":\"\",\"publisher\":{\"@id\":\"https:\\\/\\\/euipobeachvolley.es\\\/#organization\"},\"potentialAction\":[{\"@type\":\"SearchAction\",\"target\":{\"@type\":\"EntryPoint\",\"urlTemplate\":\"https:\\\/\\\/euipobeachvolley.es\\\/?s={search_term_string}\"},\"query-input\":{\"@type\":\"PropertyValueSpecification\",\"valueRequired\":true,\"valueName\":\"search_term_string\"}}],\"inLanguage\":\"es\"},{\"@type\":\"Organization\",\"@id\":\"https:\\\/\\\/euipobeachvolley.es\\\/#organization\",\"name\":\"EUIPO BEACH VOLLEY TOURNAMENT ALICANTE 2026\",\"url\":\"https:\\\/\\\/euipobeachvolley.es\\\/\",\"logo\":{\"@type\":\"ImageObject\",\"inLanguage\":\"es\",\"@id\":\"https:\\\/\\\/euipobeachvolley.es\\\/#\\\/schema\\\/logo\\\/image\\\/\",\"url\":\"\",\"contentUrl\":\"\",\"caption\":\"EUIPO BEACH VOLLEY TOURNAMENT ALICANTE 2026\"},\"image\":{\"@id\":\"https:\\\/\\\/euipobeachvolley.es\\\/#\\\/schema\\\/logo\\\/image\\\/\"}}]}<\/script>\n<!-- \/ Yoast SEO plugin. -->","yoast_head_json":{"title":"Reglamento 2025 - EUIPO BEACH VOLLEY TOURNAMENT ALICANTE 2026","robots":{"index":"index","follow":"follow","max-snippet":"max-snippet:-1","max-image-preview":"max-image-preview:large","max-video-preview":"max-video-preview:-1"},"canonical":"https:\/\/euipobeachvolley.es\/?page_id=438","og_locale":"es_ES","og_type":"article","og_title":"Reglamento 2025 - EUIPO BEACH VOLLEY TOURNAMENT ALICANTE 2026","og_description":"[vc_row content_text_aligment=\u00bbcenter\u00bb css=\u00bb.vc_custom_1714996531489{background-image: url(https:\/\/euipobeachvolley.es\/wp-content\/uploads\/2024\/05\/Playa-San-Juan-4-scaled.jpg?id=426) !important;background-position: center !important;background-repeat: no-repeat !important;background-size: cover !important;}\u00bb][vc_column][vc_empty_space height=\u00bb60px\u00bb][vc_column_text] REGLAMENTO [\/vc_column_text][vc_empty_space height=\u00bb120px\u00bb][\/vc_column][\/vc_row][vc_row content_text_aligment=\u00bbcenter\u00bb css=\u00bb.vc_custom_1701072143741{margin-right: 10% !important;margin-left: 10% !important;}\u00bb][vc_column][vc_column_text] INSCRIPCI\u00d3N GRATUITA (INSCRIPCI\u00d3N ABIERTA HASTA EL 15\/05\/2025 A LAS 23:59H.) QUE INCLUYE LA INSCRIPCI\u00d3N CAMISETA CONMEMORATIVA MEDALLA CONMEMORATIVA (FAMILIA &amp; INICIACI\u00d3N) MASAJES AGUA REFRESCO [&hellip;]","og_url":"https:\/\/euipobeachvolley.es\/?page_id=438","og_site_name":"EUIPO BEACH VOLLEY TOURNAMENT ALICANTE 2026","article_modified_time":"2025-05-15T06:50:17+00:00","og_image":[{"width":2436,"height":1720,"url":"https:\/\/euipobeachvolley.es\/wp-content\/uploads\/2025\/04\/Medalla-Trofeo-TOURNAMENT-VEACH-VOLLEY-2025-scaled-e1745496003842.jpg","type":"image\/jpeg"}],"twitter_card":"summary_large_image","twitter_misc":{"Tiempo de lectura":"2 minutos"},"schema":{"@context":"https:\/\/schema.org","@graph":[{"@type":"WebPage","@id":"https:\/\/euipobeachvolley.es\/?page_id=438","url":"https:\/\/euipobeachvolley.es\/?page_id=438","name":"Reglamento 2025 - EUIPO BEACH VOLLEY TOURNAMENT ALICANTE 2026","isPartOf":{"@id":"https:\/\/euipobeachvolley.es\/#website"},"primaryImageOfPage":{"@id":"https:\/\/euipobeachvolley.es\/?page_id=438#primaryimage"},"image":{"@id":"https:\/\/euipobeachvolley.es\/?page_id=438#primaryimage"},"thumbnailUrl":"https:\/\/euipobeachvolley.es\/wp-content\/uploads\/2025\/04\/Medalla-Trofeo-TOURNAMENT-VEACH-VOLLEY-2025-scaled-e1745496003842.jpg","datePublished":"2024-05-06T11:58:30+00:00","dateModified":"2025-05-15T06:50:17+00:00","breadcrumb":{"@id":"https:\/\/euipobeachvolley.es\/?page_id=438#breadcrumb"},"inLanguage":"es","potentialAction":[{"@type":"ReadAction","target":["https:\/\/euipobeachvolley.es\/?page_id=438"]}]},{"@type":"ImageObject","inLanguage":"es","@id":"https:\/\/euipobeachvolley.es\/?page_id=438#primaryimage","url":"https:\/\/euipobeachvolley.es\/wp-content\/uploads\/2025\/04\/Medalla-Trofeo-TOURNAMENT-VEACH-VOLLEY-2025-scaled-e1745496003842.jpg","contentUrl":"https:\/\/euipobeachvolley.es\/wp-content\/uploads\/2025\/04\/Medalla-Trofeo-TOURNAMENT-VEACH-VOLLEY-2025-scaled-e1745496003842.jpg","width":2436,"height":1720},{"@type":"BreadcrumbList","@id":"https:\/\/euipobeachvolley.es\/?page_id=438#breadcrumb","itemListElement":[{"@type":"ListItem","position":1,"name":"Portada","item":"https:\/\/euipobeachvolley.es\/"},{"@type":"ListItem","position":2,"name":"Reglamento 2025"}]},{"@type":"WebSite","@id":"https:\/\/euipobeachvolley.es\/#website","url":"https:\/\/euipobeachvolley.es\/","name":"EUIPO BEACH VOLLEY TOURNAMENT ALICANTE 2026","description":"","publisher":{"@id":"https:\/\/euipobeachvolley.es\/#organization"},"potentialAction":[{"@type":"SearchAction","target":{"@type":"EntryPoint","urlTemplate":"https:\/\/euipobeachvolley.es\/?s={search_term_string}"},"query-input":{"@type":"PropertyValueSpecification","valueRequired":true,"valueName":"search_term_string"}}],"inLanguage":"es"},{"@type":"Organization","@id":"https:\/\/euipobeachvolley.es\/#organization","name":"EUIPO BEACH VOLLEY TOURNAMENT ALICANTE 2026","url":"https:\/\/euipobeachvolley.es\/","logo":{"@type":"ImageObject","inLanguage":"es","@id":"https:\/\/euipobeachvolley.es\/#\/schema\/logo\/image\/","url":"","contentUrl":"","caption":"EUIPO BEACH VOLLEY TOURNAMENT ALICANTE 2026"},"image":{"@id":"https:\/\/euipobeachvolley.es\/#\/schema\/logo\/image\/"}}]}},"_links":{"self":[{"href":"https:\/\/euipobeachvolley.es\/index.php?rest_route=\/wp\/v2\/pages\/438","targetHints":{"allow":["GET"]}}],"collection":[{"href":"https:\/\/euipobeachvolley.es\/index.php?rest_route=\/wp\/v2\/pages"}],"about":[{"href":"https:\/\/euipobeachvolley.es\/index.php?rest_route=\/wp\/v2\/types\/page"}],"author":[{"embeddable":true,"href":"https:\/\/euipobeachvolley.es\/index.php?rest_route=\/wp\/v2\/users\/1"}],"replies":[{"embeddable":true,"href":"https:\/\/euipobeachvolley.es\/index.php?rest_route=%2Fwp%2Fv2%2Fcomments&post=438"}],"version-history":[{"count":31,"href":"https:\/\/euipobeachvolley.es\/index.php?rest_route=\/wp\/v2\/pages\/438\/revisions"}],"predecessor-version":[{"id":655,"href":"https:\/\/euipobeachvolley.es\/index.php?rest_route=\/wp\/v2\/pages\/438\/revisions\/655"}],"wp:attachment":[{"href":"https:\/\/euipobeachvolley.es\/index.php?rest_route=%2Fwp%2Fv2%2Fmedia&parent=438"}],"curies":[{"name":"wp","href":"https:\/\/api.w.org\/{rel}","templated":true}]}}