{"id":10,"date":"2024-05-06T10:05:53","date_gmt":"2024-05-06T10:05:53","guid":{"rendered":"https:\/\/euipobeachvolley.es\/?page_id=10"},"modified":"2025-05-15T08:06:55","modified_gmt":"2025-05-15T07:06:55","slug":"home","status":"publish","type":"page","link":"https:\/\/euipobeachvolley.es\/","title":{"rendered":"Home"},"content":{"rendered":"<section class=\"wpb-content-wrapper\"><p>[vc_row css=\u00bb.vc_custom_1701071446005{margin-right: 20% !important;margin-bottom: 30px !important;margin-left: 20% !important;}\u00bb][vc_column width=\u00bb1\/4&#8243;][vc_single_image image=\u00bb621&#8243; img_size=\u00bbfull\u00bb][\/vc_column][vc_column width=\u00bb3\/4&#8243;][vc_column_text]<\/p>\n<h2 style=\"text-align: center;\"><span style=\"color: #164194;\"><strong>EUIPO BEACH VOLLEY TOURNAMENT ALICANTE 2025<\/strong><\/span><\/h2>\n<p>[\/vc_column_text][vc_empty_space height=\u00bb12px\u00bb][vc_column_text]La cooperaci\u00f3n y el trabajo en equipo son valores apoyados por la Uni\u00f3n Europea. El v\u00f3ley playa es un deporte muy asentado en Alicante, que promueve estos mismos valores y da la oportunidad a los alicantinos de disfrutar de su entorno natural y social.<\/p>\n<p>El pr\u00f3ximo 17 de Mayo, la EUIPO pone en marcha su primera competici\u00f3n de v\u00f3ley playa, en la tradicionalmente conocida como playa de San Juan, en Alicante. Este torneo acoger\u00e1 a un total de 200 participantes, divididos en diferentes modalidades de competici\u00f3n y sin l\u00edmites de edad, para pasar un d\u00eda en contacto con la playa y el deporte.<\/p>\n<p style=\"text-align: center;\"><span style=\"color: #ff0000;\"><strong>INSCRIPCIONES COMPLETAS<\/strong><\/span><\/p>\n<p>[\/vc_column_text][vc_empty_space height=\u00bb12px\u00bb][\/vc_column][\/vc_row][vc_row content_text_aligment=\u00bbcenter\u00bb css=\u00bb.vc_custom_1715153847106{padding-right: 10% !important;padding-left: 10% !important;background-color: #cdeef4 !important;}\u00bb][vc_column][vc_column_text]<\/p>\n<h2 style=\"text-align: center;\"><span style=\"color: #164194;\">NOTICIAS<\/span><\/h2>\n<p>[\/vc_column_text][vc_empty_space height=\u00bb30px\u00bb][vc_basic_grid post_type=\u00bbpost\u00bb max_items=\u00bb5&#8243; element_width=\u00bb2&#8243; order=\u00bbASC\u00bb item=\u00bb611&#8243; grid_id=\u00bbvc_gid:1747292795303-9ee58ed7-85ff-8&#8243; taxonomies=\u00bb4&#8243;][vc_empty_space height=\u00bb60px\u00bb][\/vc_column][\/vc_row][vc_row content_text_aligment=\u00bbcenter\u00bb][vc_column][vc_empty_space height=\u00bb60px\u00bb][vc_column_text]<\/p>\n<p style=\"text-align: center;\"><img loading=\"lazy\" decoding=\"async\" class=\"alignnone wp-image-627\" src=\"https:\/\/euipobeachvolley.es\/wp-content\/uploads\/2025\/05\/EUIPO_logo_in_English.svg_.png\" alt=\"\" width=\"283\" height=\"77\" srcset=\"https:\/\/euipobeachvolley.es\/wp-content\/uploads\/2025\/05\/EUIPO_logo_in_English.svg_.png 2560w, https:\/\/euipobeachvolley.es\/wp-content\/uploads\/2025\/05\/EUIPO_logo_in_English.svg_-300x82.png 300w, https:\/\/euipobeachvolley.es\/wp-content\/uploads\/2025\/05\/EUIPO_logo_in_English.svg_-1024x279.png 1024w, https:\/\/euipobeachvolley.es\/wp-content\/uploads\/2025\/05\/EUIPO_logo_in_English.svg_-768x209.png 768w, https:\/\/euipobeachvolley.es\/wp-content\/uploads\/2025\/05\/EUIPO_logo_in_English.svg_-1536x419.png 1536w\" sizes=\"auto, (max-width: 283px) 100vw, 283px\" \/><\/p>\n<p>[\/vc_column_text][vc_empty_space height=\u00bb30px\u00bb][vc_column_text]<\/p>\n<p style=\"text-align: center;\"><a href=\"https:\/\/euipo.blumm.it\/uploads\/originals\/privacy\/Organisation_events_training_and_meetings_es.pdf\" target=\"_blank\" rel=\"noopener\">AVISO LEGAL &#8211; POL\u00cdTICA DE PRIVACIDAD &#8211; COOKIES<\/a><\/p>\n<p>[\/vc_column_text][vc_empty_space height=\u00bb30px\u00bb][\/vc_column][\/vc_row]<\/p>\n<\/section>","protected":false},"excerpt":{"rendered":"<p>[vc_row css=\u00bb.vc_custom_1701071446005{margin-right: 20% !important;margin-bottom: 30px !important;margin-left: 20% !important;}\u00bb][vc_column width=\u00bb1\/4&#8243;][vc_single_image image=\u00bb621&#8243; img_size=\u00bbfull\u00bb][\/vc_column][vc_column width=\u00bb3\/4&#8243;][vc_column_text] EUIPO BEACH VOLLEY TOURNAMENT ALICANTE 2025 [\/vc_column_text][vc_empty_space height=\u00bb12px\u00bb][vc_column_text]La cooperaci\u00f3n y el trabajo en equipo son valores apoyados por la Uni\u00f3n Europea. El v\u00f3ley playa es un deporte muy asentado en Alicante, que promueve [&hellip;]<\/p>\n","protected":false},"author":1,"featured_media":0,"parent":0,"menu_order":0,"comment_status":"closed","ping_status":"closed","template":"full-width.php","meta":{"footnotes":""},"class_list":["post-10","page","type-page","status-publish","hentry"],"yoast_head":"<!-- This site is optimized with the Yoast SEO plugin v27.3 - https:\/\/yoast.com\/product\/yoast-seo-wordpress\/ -->\n<title>Home - EUIPO BEACH VOLLEY TOURNAMENT ALICANTE 2024<\/title>\n<meta name=\"robots\" content=\"index, follow, max-snippet:-1, max-image-preview:large, max-video-preview:-1\" \/>\n<link rel=\"canonical\" href=\"https:\/\/euipobeachvolley.es\/\" \/>\n<meta property=\"og:locale\" content=\"es_ES\" \/>\n<meta property=\"og:type\" content=\"article\" \/>\n<meta property=\"og:title\" content=\"Home - EUIPO BEACH VOLLEY TOURNAMENT ALICANTE 2024\" \/>\n<meta property=\"og:description\" content=\"[vc_row css=\u00bb.vc_custom_1701071446005{margin-right: 20% !important;margin-bottom: 30px !important;margin-left: 20% !important;}\u00bb][vc_column width=\u00bb1\/4&#8243;][vc_single_image image=\u00bb621&#8243; img_size=\u00bbfull\u00bb][\/vc_column][vc_column width=\u00bb3\/4&#8243;][vc_column_text] EUIPO BEACH VOLLEY TOURNAMENT ALICANTE 2025 [\/vc_column_text][vc_empty_space height=\u00bb12px\u00bb][vc_column_text]La cooperaci\u00f3n y el trabajo en equipo son valores apoyados por la Uni\u00f3n Europea. El v\u00f3ley playa es un deporte muy asentado en Alicante, que promueve [&hellip;]\" \/>\n<meta property=\"og:url\" content=\"https:\/\/euipobeachvolley.es\/\" \/>\n<meta property=\"og:site_name\" content=\"EUIPO BEACH VOLLEY TOURNAMENT ALICANTE 2024\" \/>\n<meta property=\"article:modified_time\" content=\"2025-05-15T07:06:55+00:00\" \/>\n<meta property=\"og:image\" content=\"https:\/\/euipobeachvolley.es\/wp-content\/uploads\/2025\/05\/EUIPO_logo_in_English.svg_.png\" \/>\n<meta name=\"twitter:card\" content=\"summary_large_image\" \/>\n<meta name=\"twitter:label1\" content=\"Tiempo de lectura\" \/>\n\t<meta name=\"twitter:data1\" content=\"2 minutos\" \/>\n<script type=\"application\/ld+json\" class=\"yoast-schema-graph\">{\"@context\":\"https:\\\/\\\/schema.org\",\"@graph\":[{\"@type\":\"WebPage\",\"@id\":\"https:\\\/\\\/euipobeachvolley.es\\\/\",\"url\":\"https:\\\/\\\/euipobeachvolley.es\\\/\",\"name\":\"Home - EUIPO BEACH VOLLEY TOURNAMENT ALICANTE 2024\",\"isPartOf\":{\"@id\":\"https:\\\/\\\/euipobeachvolley.es\\\/#website\"},\"primaryImageOfPage\":{\"@id\":\"https:\\\/\\\/euipobeachvolley.es\\\/#primaryimage\"},\"image\":{\"@id\":\"https:\\\/\\\/euipobeachvolley.es\\\/#primaryimage\"},\"thumbnailUrl\":\"https:\\\/\\\/euipobeachvolley.es\\\/wp-content\\\/uploads\\\/2025\\\/05\\\/EUIPO_logo_in_English.svg_.png\",\"datePublished\":\"2024-05-06T10:05:53+00:00\",\"dateModified\":\"2025-05-15T07:06:55+00:00\",\"breadcrumb\":{\"@id\":\"https:\\\/\\\/euipobeachvolley.es\\\/#breadcrumb\"},\"inLanguage\":\"es\",\"potentialAction\":[{\"@type\":\"ReadAction\",\"target\":[\"https:\\\/\\\/euipobeachvolley.es\\\/\"]}]},{\"@type\":\"ImageObject\",\"inLanguage\":\"es\",\"@id\":\"https:\\\/\\\/euipobeachvolley.es\\\/#primaryimage\",\"url\":\"https:\\\/\\\/euipobeachvolley.es\\\/wp-content\\\/uploads\\\/2025\\\/05\\\/EUIPO_logo_in_English.svg_.png\",\"contentUrl\":\"https:\\\/\\\/euipobeachvolley.es\\\/wp-content\\\/uploads\\\/2025\\\/05\\\/EUIPO_logo_in_English.svg_.png\",\"width\":2560,\"height\":698},{\"@type\":\"BreadcrumbList\",\"@id\":\"https:\\\/\\\/euipobeachvolley.es\\\/#breadcrumb\",\"itemListElement\":[{\"@type\":\"ListItem\",\"position\":1,\"name\":\"Portada\",\"item\":\"https:\\\/\\\/euipobeachvolley.es\\\/\"},{\"@type\":\"ListItem\",\"position\":2,\"name\":\"Home\"}]},{\"@type\":\"WebSite\",\"@id\":\"https:\\\/\\\/euipobeachvolley.es\\\/#website\",\"url\":\"https:\\\/\\\/euipobeachvolley.es\\\/\",\"name\":\"EUIPO BEACH VOLLEY TOURNAMENT ALICANTE 2024\",\"description\":\"\",\"publisher\":{\"@id\":\"https:\\\/\\\/euipobeachvolley.es\\\/#organization\"},\"potentialAction\":[{\"@type\":\"SearchAction\",\"target\":{\"@type\":\"EntryPoint\",\"urlTemplate\":\"https:\\\/\\\/euipobeachvolley.es\\\/?s={search_term_string}\"},\"query-input\":{\"@type\":\"PropertyValueSpecification\",\"valueRequired\":true,\"valueName\":\"search_term_string\"}}],\"inLanguage\":\"es\"},{\"@type\":\"Organization\",\"@id\":\"https:\\\/\\\/euipobeachvolley.es\\\/#organization\",\"name\":\"EUIPO BEACH VOLLEY TOURNAMENT ALICANTE 2024\",\"url\":\"https:\\\/\\\/euipobeachvolley.es\\\/\",\"logo\":{\"@type\":\"ImageObject\",\"inLanguage\":\"es\",\"@id\":\"https:\\\/\\\/euipobeachvolley.es\\\/#\\\/schema\\\/logo\\\/image\\\/\",\"url\":\"\",\"contentUrl\":\"\",\"caption\":\"EUIPO BEACH VOLLEY TOURNAMENT ALICANTE 2024\"},\"image\":{\"@id\":\"https:\\\/\\\/euipobeachvolley.es\\\/#\\\/schema\\\/logo\\\/image\\\/\"}}]}<\/script>\n<!-- \/ Yoast SEO plugin. -->","yoast_head_json":{"title":"Home - EUIPO BEACH VOLLEY TOURNAMENT ALICANTE 2024","robots":{"index":"index","follow":"follow","max-snippet":"max-snippet:-1","max-image-preview":"max-image-preview:large","max-video-preview":"max-video-preview:-1"},"canonical":"https:\/\/euipobeachvolley.es\/","og_locale":"es_ES","og_type":"article","og_title":"Home - EUIPO BEACH VOLLEY TOURNAMENT ALICANTE 2024","og_description":"[vc_row css=\u00bb.vc_custom_1701071446005{margin-right: 20% !important;margin-bottom: 30px !important;margin-left: 20% !important;}\u00bb][vc_column width=\u00bb1\/4&#8243;][vc_single_image image=\u00bb621&#8243; img_size=\u00bbfull\u00bb][\/vc_column][vc_column width=\u00bb3\/4&#8243;][vc_column_text] EUIPO BEACH VOLLEY TOURNAMENT ALICANTE 2025 [\/vc_column_text][vc_empty_space height=\u00bb12px\u00bb][vc_column_text]La cooperaci\u00f3n y el trabajo en equipo son valores apoyados por la Uni\u00f3n Europea. El v\u00f3ley playa es un deporte muy asentado en Alicante, que promueve [&hellip;]","og_url":"https:\/\/euipobeachvolley.es\/","og_site_name":"EUIPO BEACH VOLLEY TOURNAMENT ALICANTE 2024","article_modified_time":"2025-05-15T07:06:55+00:00","og_image":[{"url":"https:\/\/euipobeachvolley.es\/wp-content\/uploads\/2025\/05\/EUIPO_logo_in_English.svg_.png","type":"","width":"","height":""}],"twitter_card":"summary_large_image","twitter_misc":{"Tiempo de lectura":"2 minutos"},"schema":{"@context":"https:\/\/schema.org","@graph":[{"@type":"WebPage","@id":"https:\/\/euipobeachvolley.es\/","url":"https:\/\/euipobeachvolley.es\/","name":"Home - EUIPO BEACH VOLLEY TOURNAMENT ALICANTE 2024","isPartOf":{"@id":"https:\/\/euipobeachvolley.es\/#website"},"primaryImageOfPage":{"@id":"https:\/\/euipobeachvolley.es\/#primaryimage"},"image":{"@id":"https:\/\/euipobeachvolley.es\/#primaryimage"},"thumbnailUrl":"https:\/\/euipobeachvolley.es\/wp-content\/uploads\/2025\/05\/EUIPO_logo_in_English.svg_.png","datePublished":"2024-05-06T10:05:53+00:00","dateModified":"2025-05-15T07:06:55+00:00","breadcrumb":{"@id":"https:\/\/euipobeachvolley.es\/#breadcrumb"},"inLanguage":"es","potentialAction":[{"@type":"ReadAction","target":["https:\/\/euipobeachvolley.es\/"]}]},{"@type":"ImageObject","inLanguage":"es","@id":"https:\/\/euipobeachvolley.es\/#primaryimage","url":"https:\/\/euipobeachvolley.es\/wp-content\/uploads\/2025\/05\/EUIPO_logo_in_English.svg_.png","contentUrl":"https:\/\/euipobeachvolley.es\/wp-content\/uploads\/2025\/05\/EUIPO_logo_in_English.svg_.png","width":2560,"height":698},{"@type":"BreadcrumbList","@id":"https:\/\/euipobeachvolley.es\/#breadcrumb","itemListElement":[{"@type":"ListItem","position":1,"name":"Portada","item":"https:\/\/euipobeachvolley.es\/"},{"@type":"ListItem","position":2,"name":"Home"}]},{"@type":"WebSite","@id":"https:\/\/euipobeachvolley.es\/#website","url":"https:\/\/euipobeachvolley.es\/","name":"EUIPO BEACH VOLLEY TOURNAMENT ALICANTE 2024","description":"","publisher":{"@id":"https:\/\/euipobeachvolley.es\/#organization"},"potentialAction":[{"@type":"SearchAction","target":{"@type":"EntryPoint","urlTemplate":"https:\/\/euipobeachvolley.es\/?s={search_term_string}"},"query-input":{"@type":"PropertyValueSpecification","valueRequired":true,"valueName":"search_term_string"}}],"inLanguage":"es"},{"@type":"Organization","@id":"https:\/\/euipobeachvolley.es\/#organization","name":"EUIPO BEACH VOLLEY TOURNAMENT ALICANTE 2024","url":"https:\/\/euipobeachvolley.es\/","logo":{"@type":"ImageObject","inLanguage":"es","@id":"https:\/\/euipobeachvolley.es\/#\/schema\/logo\/image\/","url":"","contentUrl":"","caption":"EUIPO BEACH VOLLEY TOURNAMENT ALICANTE 2024"},"image":{"@id":"https:\/\/euipobeachvolley.es\/#\/schema\/logo\/image\/"}}]}},"_links":{"self":[{"href":"https:\/\/euipobeachvolley.es\/index.php?rest_route=\/wp\/v2\/pages\/10","targetHints":{"allow":["GET"]}}],"collection":[{"href":"https:\/\/euipobeachvolley.es\/index.php?rest_route=\/wp\/v2\/pages"}],"about":[{"href":"https:\/\/euipobeachvolley.es\/index.php?rest_route=\/wp\/v2\/types\/page"}],"author":[{"embeddable":true,"href":"https:\/\/euipobeachvolley.es\/index.php?rest_route=\/wp\/v2\/users\/1"}],"replies":[{"embeddable":true,"href":"https:\/\/euipobeachvolley.es\/index.php?rest_route=%2Fwp%2Fv2%2Fcomments&post=10"}],"version-history":[{"count":37,"href":"https:\/\/euipobeachvolley.es\/index.php?rest_route=\/wp\/v2\/pages\/10\/revisions"}],"predecessor-version":[{"id":660,"href":"https:\/\/euipobeachvolley.es\/index.php?rest_route=\/wp\/v2\/pages\/10\/revisions\/660"}],"wp:attachment":[{"href":"https:\/\/euipobeachvolley.es\/index.php?rest_route=%2Fwp%2Fv2%2Fmedia&parent=10"}],"curies":[{"name":"wp","href":"https:\/\/api.w.org\/{rel}","templated":true}]}}